{"id":117,"date":"2017-02-10T20:22:28","date_gmt":"2017-02-10T20:22:28","guid":{"rendered":"http:\/\/themes.kadencethemes.com\/ascend-premium-2\/?page_id=117"},"modified":"2025-01-07T14:20:09","modified_gmt":"2025-01-07T14:20:09","slug":"magunkrol","status":"publish","type":"page","link":"https:\/\/tekk.odorheifullgospel.ro\/ro\/magunkrol\/","title":{"rendered":"Despre noi"},"content":{"rendered":"<div id=\"pl-117\" class=\"panel-layout\">\r\n<div id=\"pg-117-0\" class=\"panel-grid panel-has-style\" data-style=\"{\"class\":\"kt-no-cell-margin\",\"padding\":\"20px 0px 20px 0px\",\"background_display\":\"tile\",\"bottom_margin\":\"20px\",\"gutter\":\"20px\",\"cell_alignment\":\"flex-start\"}\">\r\n<div class=\"kt-no-cell-margin panel-row-style panel-row-style-for-117-0\">\r\n<div id=\"pgc-117-0-0\" class=\"panel-grid-cell\" data-weight=\"0.5\">\r\n<div id=\"panel-117-0-0-0\" class=\"so-panel widget widget_black-studio-tinymce widget_black_studio_tinymce panel-first-child panel-last-child\" data-index=\"0\" data-style=\"{\"background_display\":\"tile\"}\">\r\n<div class=\"textwidget\"><!--p>A Sz\u00e9kelyudvarhelyi Teljes Evang\u00e9liumi Kereszt\u00e9ny K\u00f6zpont r\u00e9sze a Temesv\u00e1ri Kereszt\u00e9ny K\u00f6zpontnak (Asocia\u0163ia Religioas\u0103 Centrul Cre\u015ftin Timi\u015foara), amely a rom\u00e1niai vall\u00e1si t\u00f6rv\u00e9nynek megfelel\u0151en m\u0171k\u00f6dik. Tagja a Rom\u00e1niai Teljes Evang\u00e9liumi Gy\u00fclekezetek Feder\u00e1ci\u00f3j\u00e1nak - Federa\u0163ia Bisericilor de Evanghelie Deplin\u0103 din Rom\u00e2nia.<\/p-->\r\n<h4>Originile:<\/h4>\r\n<p>Suntem o comunitate cre\u0219tin\u0103 fondat\u0103 in 1993, ca parte a mi\u0219c\u0103rii penticostal\u0103-carismatic\u0103 reprezent\u0103m linia neoprotestant\u0103 a cre\u0219tinismului. \u00cen bisericile noastre este predicat\u0103 poc\u0103in\u021ba la Isus Hristos, na\u0219terea din nou, botezul in ap\u0103 \u0219i in Duhul Sf\u00e2nt, pe care le socotim ca bazele vie\u021bii cre\u0219tine crendincioase, pe de alt\u0103 parte l\u0103s\u0103m loc liber manifest\u0103rii darurilor Duhului Sf\u00e2nt. De aceea ne numim Biserici De Evanghelie Deplin\u0103 pentru c\u0103 vrem s\u0103 propov\u0103duim \u0219i s\u0103 tr\u0103im \u00een egal\u0103 m\u0103sur\u0103 toate adev\u0103rurile relevate de Dumnezeu. \u00cen via\u021ba noastr\u0103 personal\u0103 \u0219i \u00een biseric\u0103.<\/p>\r\n<p>Prima dat\u0103 a luat fiin\u021b\u0103 biserica din Odorheiul Secuiesc, mai t\u00e2rziu \u0219i la T\u00e2rgu Secuisc \u0219i la Vlahi\u021ba sau format filiale.<\/p>\r\n<p>Comunit\u0103\u021bile noastre nu apar\u021bin de nici o denomina\u021bie religioas\u0103 tradi\u021bional\u0103, func\u021bion\u0103m ca biserici locale independente cu conducere local\u0103. Pe l\u00e2ng\u0103 acest fapt avem \u00eentre scopurile noastre stabilirea unor leg\u0103turi \u0219i cu alte biserici, comunit\u0103\u021bi unde trezirea spiritual\u0103 e dorin\u021ba cre\u0219tinilor.<\/p>\r\n<p>Viziunea noastr\u0103 este ca s\u0103 fie o trezire de amploare mare in \u021bara noastr\u0103, e nevoie de rug\u0103ciunea comun\u0103 \u0219i unitate \u00eentre cre\u0219tini de credin\u021b\u0103 vie ca trezirea s\u0103 se realizeze dup\u0103 voia lui Dumnezeu.<\/p>\r\n<h4>Scopurile noastre:<\/h4>\r\n<p>&#8211; Prop\u0103v\u0103duirea vestei bune a evangheliei despre Isus Hristos tuturor oamenilor, slujirea c\u0103tre al\u021bii \u00een primul r\u00e2nd \u00een mod spiritual, rug\u0103ciuni pentru bolnavi \u0219i pentru alte probleme.<\/p>\r\n<p>&#8211; Zidirea Bisericii locale, practicarea p\u0103rt\u0103\u0219iei cre\u0219tine, slujirea c\u0103tre membrii bisericii pe cale spiritual\u0103, sufleteasc\u0103 \u0219i material\u0103.<\/p>\r\n<\/div>\r\n<\/div>\r\n<\/div>\r\n<div id=\"pgc-117-0-1\" class=\"panel-grid-cell\" data-weight=\"0.5\">\r\n<div id=\"panel-117-0-1-0\" class=\"so-panel widget widget_black-studio-tinymce widget_black_studio_tinymce panel-first-child panel-last-child\" data-index=\"1\" data-style=\"{\"background_display\":\"tile\"}\">\r\n<div class=\"textwidget\">\u00a0<\/div>\r\n<\/div>\r\n<\/div>\r\n<\/div>\r\n<\/div>\r\n<div id=\"pg-117-2\" class=\"panel-grid panel-no-style\" data-style=\"{\"background_display\":\"tile\",\"cell_alignment\":\"flex-start\"}\">\r\n<div id=\"pgc-117-2-2\" class=\"panel-grid-cell\" data-weight=\"0.33333333333333\">\r\n<div id=\"panel-117-2-2-0\" class=\"so-panel widget widget_tag_cloud panel-first-child panel-last-child\" data-index=\"5\" data-style=\"{\"background_display\":\"tile\"}\">\r\n<div class=\"tagcloud\">\u00a0<\/div>\r\n<\/div>\r\n<\/div>\r\n<\/div>\r\n<\/div>\r\n\r\n<p>&nbsp;<\/p>\r\n","protected":false},"excerpt":{"rendered":"<p>Originile: Suntem o comunitate cre\u0219tin\u0103 fondat\u0103 in 1993, ca parte a mi\u0219c\u0103rii penticostal\u0103-carismatic\u0103 reprezent\u0103m linia neoprotestant\u0103 a cre\u0219tinismului. \u00cen bisericile noastre este predicat\u0103 poc\u0103in\u021ba la Isus Hristos, na\u0219terea din nou, botezul in ap\u0103 \u0219i in Duhul Sf\u00e2nt, pe care le &hellip; <a class=\"kt-excerpt-readmore more-link\" href=\"https:\/\/tekk.odorheifullgospel.ro\/ro\/magunkrol\/\">Olvass t\u00f6bbet<\/a><\/p>\n","protected":false},"author":1,"featured_media":0,"parent":0,"menu_order":0,"comment_status":"closed","ping_status":"closed","template":"","meta":{"footnotes":""},"class_list":["post-117","page","type-page","status-publish","hentry"],"_links":{"self":[{"href":"https:\/\/tekk.odorheifullgospel.ro\/ro\/wp-json\/wp\/v2\/pages\/117","targetHints":{"allow":["GET"]}}],"collection":[{"href":"https:\/\/tekk.odorheifullgospel.ro\/ro\/wp-json\/wp\/v2\/pages"}],"about":[{"href":"https:\/\/tekk.odorheifullgospel.ro\/ro\/wp-json\/wp\/v2\/types\/page"}],"author":[{"embeddable":true,"href":"https:\/\/tekk.odorheifullgospel.ro\/ro\/wp-json\/wp\/v2\/users\/1"}],"replies":[{"embeddable":true,"href":"https:\/\/tekk.odorheifullgospel.ro\/ro\/wp-json\/wp\/v2\/comments?post=117"}],"version-history":[{"count":7,"href":"https:\/\/tekk.odorheifullgospel.ro\/ro\/wp-json\/wp\/v2\/pages\/117\/revisions"}],"predecessor-version":[{"id":924,"href":"https:\/\/tekk.odorheifullgospel.ro\/ro\/wp-json\/wp\/v2\/pages\/117\/revisions\/924"}],"wp:attachment":[{"href":"https:\/\/tekk.odorheifullgospel.ro\/ro\/wp-json\/wp\/v2\/media?parent=117"}],"curies":[{"name":"wp","href":"https:\/\/api.w.org\/{rel}","templated":true}]}}