{"id":117,"date":"2017-02-10T20:22:28","date_gmt":"2017-02-10T20:22:28","guid":{"rendered":"http:\/\/themes.kadencethemes.com\/ascend-premium-2\/?page_id=117"},"modified":"2025-01-07T14:20:09","modified_gmt":"2025-01-07T14:20:09","slug":"magunkrol","status":"publish","type":"page","link":"https:\/\/tekk.odorheifullgospel.ro\/en\/magunkrol\/","title":{"rendered":"About ourselves"},"content":{"rendered":"<div id=\"pl-117\" class=\"panel-layout\">\r\n<div id=\"pg-117-0\" class=\"panel-grid panel-has-style\" data-style=\"{\">\r\n<div class=\"kt-no-cell-margin panel-row-style panel-row-style-for-117-0\">\r\n<div id=\"pgc-117-0-0\" class=\"panel-grid-cell\" data-weight=\"0.5\">\r\n<div id=\"panel-117-0-0-0\" class=\"so-panel widget widget_black-studio-tinymce widget_black_studio_tinymce panel-first-child panel-last-child\" data-index=\"0\" data-style=\"{\">\r\n<div class=\"textwidget\"><!--p>A Sz\u00e9kelyudvarhelyi Teljes Evang\u00e9liumi Kereszt\u00e9ny K\u00f6zpont r\u00e9sze a Temesv\u00e1ri Kereszt\u00e9ny K\u00f6zpontnak (Asocia\u0163ia Religioas\u0103 Centrul Cre\u015ftin Timi\u015foara), amely a rom\u00e1niai vall\u00e1si t\u00f6rv\u00e9nynek megfelel\u0151en m\u0171k\u00f6dik. Tagja a Rom\u00e1niai Teljes Evang\u00e9liumi Gy\u00fclekezetek Feder\u00e1ci\u00f3j\u00e1nak - Federa\u0163ia Bisericilor de Evanghelie Deplin\u0103 din Rom\u00e2nia.<\/p-->\r\n<h4>History<\/h4>\r\n<p>We are a gathering of christian communities formed in 1993, we represent the neo protestant line of the pentecostal charismatic movement. In our congregation is preached the conversion to Jesus Christ, rebirth through baptism by Water and Holy Spirit \u2013 we consider these the basics of any believer\u2019s life \u2013 at the same time we give free range of action to the gifts given by the Holy Spirit. We name ourselves Full Gospel Congregation because we would like to preach with equal stress every truth expressed by God and live it in our personal and social lives.<\/p>\r\n<p>The first congregation was formed and started in Odorheiu Secuiesc, later were formed congregations in Targu Secuiesc and Vlahita too.<\/p>\r\n<p>Our communities don\u2019t belong to any traditional denomination, they function like separate local congregations with local leadership. We would like to make connections with other christian communities where the spiritual awakening and the renewal is the heart task of the christians.<\/p>\r\n<p>From our point of view, to make possible, following God\u2019s will, a bigger spiritual awakening in our nation, takes unity, common prayer mediation from the christians with living faith.<\/p>\r\n<h4>Our goal<\/h4>\r\n<p>&#8211; To preach the gospel, about Jesus Christ to everybody, to help those in need, firstly in a spiritual way, praying for the sick ones and another problems.<\/p>\r\n<p>&#8211; The planting and building of local congregations, exercising the christian communion, service towards each other to fulfill the spiritual and physical needs.<\/p>\r\n<\/div>\r\n<\/div>\r\n<\/div>\r\n<div id=\"pgc-117-0-1\" class=\"panel-grid-cell\" data-weight=\"0.5\">\r\n<div id=\"panel-117-0-1-0\" class=\"so-panel widget widget_black-studio-tinymce widget_black_studio_tinymce panel-first-child panel-last-child\" data-index=\"1\" data-style=\"{\">\r\n<div class=\"textwidget\">\u00a0<\/div>\r\n<\/div>\r\n<\/div>\r\n<\/div>\r\n<\/div>\r\n<div id=\"pg-117-2\" class=\"panel-grid panel-no-style\" data-style=\"{\">\r\n<div id=\"pgc-117-2-2\" class=\"panel-grid-cell\" data-weight=\"0.33333333333333\">\r\n<div id=\"panel-117-2-2-0\" class=\"so-panel widget widget_tag_cloud panel-first-child panel-last-child\" data-index=\"5\" data-style=\"{\">\r\n<div class=\"tagcloud\">\u00a0<\/div>\r\n<\/div>\r\n<\/div>\r\n<\/div>\r\n<\/div>\r\n\r\n<p>&nbsp;<\/p>\r\n","protected":false},"excerpt":{"rendered":"<p>History We are a gathering of christian communities formed in 1993, we represent the neo protestant line of the pentecostal charismatic movement. In our congregation is preached the conversion to Jesus Christ, rebirth through baptism by Water and Holy Spirit &hellip; <a class=\"kt-excerpt-readmore more-link\" href=\"https:\/\/tekk.odorheifullgospel.ro\/en\/magunkrol\/\">Olvass t\u00f6bbet<\/a><\/p>\n","protected":false},"author":1,"featured_media":0,"parent":0,"menu_order":0,"comment_status":"closed","ping_status":"closed","template":"","meta":{"footnotes":""},"class_list":["post-117","page","type-page","status-publish","hentry"],"_links":{"self":[{"href":"https:\/\/tekk.odorheifullgospel.ro\/en\/wp-json\/wp\/v2\/pages\/117","targetHints":{"allow":["GET"]}}],"collection":[{"href":"https:\/\/tekk.odorheifullgospel.ro\/en\/wp-json\/wp\/v2\/pages"}],"about":[{"href":"https:\/\/tekk.odorheifullgospel.ro\/en\/wp-json\/wp\/v2\/types\/page"}],"author":[{"embeddable":true,"href":"https:\/\/tekk.odorheifullgospel.ro\/en\/wp-json\/wp\/v2\/users\/1"}],"replies":[{"embeddable":true,"href":"https:\/\/tekk.odorheifullgospel.ro\/en\/wp-json\/wp\/v2\/comments?post=117"}],"version-history":[{"count":7,"href":"https:\/\/tekk.odorheifullgospel.ro\/en\/wp-json\/wp\/v2\/pages\/117\/revisions"}],"predecessor-version":[{"id":924,"href":"https:\/\/tekk.odorheifullgospel.ro\/en\/wp-json\/wp\/v2\/pages\/117\/revisions\/924"}],"wp:attachment":[{"href":"https:\/\/tekk.odorheifullgospel.ro\/en\/wp-json\/wp\/v2\/media?parent=117"}],"curies":[{"name":"wp","href":"https:\/\/api.w.org\/{rel}","templated":true}]}}